{"id":2381,"date":"2022-11-14T12:09:14","date_gmt":"2022-11-14T11:09:14","guid":{"rendered":"https:\/\/www.bilbaorockandrol.com\/blog\/?page_id=2381"},"modified":"2023-01-20T22:30:41","modified_gmt":"2023-01-20T21:30:41","slug":"entrada-habitaciones-y-comidas","status":"publish","type":"page","link":"https:\/\/www.bilbaorockandrol.com\/blog\/entrada-habitaciones-y-comidas\/","title":{"rendered":"Entrada, Habitaciones y Comidas"},"content":{"rendered":"\n<blockquote class=\"wp-block-quote is-layout-flow wp-block-quote-is-layout-flow\">\n<p class=\"has-text-align-center\">\u00a1ENTRADAS AGOTADAS!<\/p>\n\n\n\n<p>Lo lamentamos, pero en estos momentos no hay m\u00e1s entradas disponibles para las Bilbao Rock And Rol 2023. Si deseas informaci\u00f3n sobre el evento, puedes escribirnos a bilbaorockandrol@gmail.com<\/p>\n<\/blockquote>\n\n\n\n<h3 class=\"wp-block-heading\">Entrada General &#8211; 50 \u20ac<\/h3>\n\n\n\n<p>Incluye el acceso completo al evento (viernes, s\u00e1bado y domingo) y kit de rolero de regalo. En el kit de rolero encontrar\u00e1s un juego de rol (a elegir, en el momento de la reserva de la entrada, entre <em>La<\/em> <em>Leyenda de los 5 Anillos<\/em> y <em>Over The Edge<\/em>), un juego de dados, l\u00e1piz, goma y sacapuntas.<\/p>\n\n\n\n<h3 class=\"wp-block-heading\">Habitaciones<\/h3>\n\n\n\n<p>Contamos con habitaciones reservadas por Bilbao Hostel para el evento, disponibles hasta completar aforo. Se asignar\u00e1n por orden de inscripci\u00f3n completa (incluyendo pago).<\/p>\n\n\n\n<p>Los precios de las habitaciones son los siguientes:<\/p>\n\n\n\n<ul class=\"wp-block-list\">\n<li>Habitaci\u00f3n doble: 100 \u20ac<\/li>\n\n\n\n<li>Habitaci\u00f3n cu\u00e1druple: 170 \u20ac<\/li>\n\n\n\n<li>Habitaci\u00f3n s\u00e9xtuple: 255 \u20ac<\/li>\n<\/ul>\n\n\n\n<p>Es posible a\u00f1adir una cama individual en una habitaci\u00f3n compartida por 40 \u20ac.<\/p>\n\n\n\n<p>Al reservar las habitaciones del evento te aseguras, como grupo, de que solamente dormir\u00e1n en la habitaci\u00f3n los miembros de tu grupo, independientemente del n\u00famero de personas que hayan reservado la habitaci\u00f3n.<\/p>\n\n\n\n<p>Todas las reservas de habitaciones incluyen el desayuno.<\/p>\n\n\n\n<h3 class=\"wp-block-heading\">Comidas<\/h3>\n\n\n\n<p>El pack de comidas incluye la cena del viernes, comida del s\u00e1bado, cena del s\u00e1bado y comida del domingo, y asciende a 40 \u20ac.<\/p>\n\n\n\n<p>La cena bocadillo del viernes noche se puede reservar por 8 \u20ac.<\/p>\n\n\n\n<p>Es posible reservar comidas o cenas sueltas por 12 \u20ac.<\/p>\n\n\n\n<p>Aunque no haya establecimientos de comida en las cercan\u00edas del Bilbao Hostel, es posible hacer pedidos para que se entreguen en el hostel.<\/p>\n<div id=\"facebook_like\"><iframe src=\"http:\/\/www.facebook.com\/plugins\/like.php?href=https%3A%2F%2Fwww.bilbaorockandrol.com%2Fblog%2Fentrada-habitaciones-y-comidas%2F&amp;layout=standard&amp;show_faces=true&amp;width=500&amp;action=like&amp;font=segoe+ui&amp;colorscheme=light&amp;height=80\" scrolling=\"no\" frameborder=\"0\" style=\"border:none; overflow:hidden; width:500px; height:80px;\" allowTransparency=\"true\"><\/iframe><\/div>","protected":false},"excerpt":{"rendered":"<p>\u00a1ENTRADAS AGOTADAS! Lo lamentamos, pero en estos momentos no hay m\u00e1s entradas disponibles para las Bilbao Rock And Rol 2023. Si deseas informaci\u00f3n sobre el evento, puedes escribirnos a bilbaorockandrol@gmail.com Entrada General &#8211; 50 \u20ac Incluye el acceso completo al evento (viernes, s\u00e1bado y domingo) y kit de rolero de\u2026 <a class=\"continue-reading-link\" href=\"https:\/\/www.bilbaorockandrol.com\/blog\/entrada-habitaciones-y-comidas\/\">Sigue leyendo<\/a><\/p>\n","protected":false},"author":4,"featured_media":0,"parent":0,"menu_order":0,"comment_status":"closed","ping_status":"closed","template":"","meta":{"_exactmetrics_skip_tracking":false,"_exactmetrics_sitenote_active":false,"_exactmetrics_sitenote_note":"","_exactmetrics_sitenote_category":0,"footnotes":""},"class_list":["post-2381","page","type-page","status-publish","hentry"],"_links":{"self":[{"href":"https:\/\/www.bilbaorockandrol.com\/blog\/wp-json\/wp\/v2\/pages\/2381","targetHints":{"allow":["GET"]}}],"collection":[{"href":"https:\/\/www.bilbaorockandrol.com\/blog\/wp-json\/wp\/v2\/pages"}],"about":[{"href":"https:\/\/www.bilbaorockandrol.com\/blog\/wp-json\/wp\/v2\/types\/page"}],"author":[{"embeddable":true,"href":"https:\/\/www.bilbaorockandrol.com\/blog\/wp-json\/wp\/v2\/users\/4"}],"replies":[{"embeddable":true,"href":"https:\/\/www.bilbaorockandrol.com\/blog\/wp-json\/wp\/v2\/comments?post=2381"}],"version-history":[{"count":9,"href":"https:\/\/www.bilbaorockandrol.com\/blog\/wp-json\/wp\/v2\/pages\/2381\/revisions"}],"predecessor-version":[{"id":2415,"href":"https:\/\/www.bilbaorockandrol.com\/blog\/wp-json\/wp\/v2\/pages\/2381\/revisions\/2415"}],"wp:attachment":[{"href":"https:\/\/www.bilbaorockandrol.com\/blog\/wp-json\/wp\/v2\/media?parent=2381"}],"curies":[{"name":"wp","href":"https:\/\/api.w.org\/{rel}","templated":true}]}}